{"id":130,"date":"2023-07-28T02:27:53","date_gmt":"2023-07-28T02:27:53","guid":{"rendered":"https:\/\/representacioneshyj.com\/?page_id=130"},"modified":"2023-08-09T22:19:17","modified_gmt":"2023-08-10T03:19:17","slug":"productos","status":"publish","type":"page","link":"https:\/\/representacioneshyj.com\/index.php\/productos\/","title":{"rendered":"Productos"},"content":{"rendered":"\t\t<div data-elementor-type=\"wp-page\" data-elementor-id=\"130\" class=\"elementor elementor-130\">\n\t\t\t\t\t\t<section class=\"elementor-section elementor-top-section elementor-element elementor-element-289d744 elementor-section-boxed elementor-section-height-default elementor-section-height-default\" data-id=\"289d744\" data-element_type=\"section\">\n\t\t\t\t\t\t<div class=\"elementor-container elementor-column-gap-default\">\n\t\t\t\t\t<div class=\"elementor-column elementor-col-100 elementor-top-column elementor-element elementor-element-6773a3c\" data-id=\"6773a3c\" data-element_type=\"column\">\n\t\t\t<div class=\"elementor-widget-wrap elementor-element-populated\">\n\t\t\t\t\t\t<div class=\"elementor-element elementor-element-ab8e270 eael-product-gallery-column-4 elementor-widget elementor-widget-eael-woo-product-gallery\" data-id=\"ab8e270\" data-element_type=\"widget\" data-widget_type=\"eael-woo-product-gallery.default\">\n\t\t\t\t<div class=\"elementor-widget-container\">\n\t\t\t\n        <div class=\"eael-product-gallery eael-product-preset-4 grid eael-terms-layout-horizontal\" id=\"eael-product-gallery\" data-widget-id=\"ab8e270\" data-page-id=\"130\" data-nonce=\"5be8ec7311\" >\n\t\t\t<ul class=\"eael-cat-tab\" data-layout=\"grid\" data-template={\"dir\":\"lite\",\"file_name\":\"default.php\",\"name\":\"Woo-Product-Gallery\"}  data-nonce=\"5be8ec7311\" data-page-id=\"130\" data-widget-id=\"ab8e270\" data-widget=\"ab8e270\" data-class=\"Essential_Addons_Elementor\\Elements\\Woo_Product_Gallery\" data-args=\"post_type=product&post_status%5B0%5D=publish&post_status%5B1%5D=pending&post_status%5B2%5D=future&posts_per_page=8&order=desc&offset=0&tax_query%5Brelation%5D=AND&tax_query%5B0%5D%5Btaxonomy%5D=product_visibility&tax_query%5B0%5D%5Bfield%5D=name&tax_query%5B0%5D%5Bterms%5D%5B0%5D=exclude-from-search&tax_query%5B0%5D%5Bterms%5D%5B1%5D=exclude-from-catalog&tax_query%5B0%5D%5Boperator%5D=NOT+IN&orderby=date&meta_query%5Brelation%5D=AND\" data-page=\"1\"><li><a href=\"javascript:;\" data-taxonomy=\"all\" data-page=\"1\" data-tagid=\"\" data-id=\"\" class=\"active post-list-filter-item post-list-cat-ab8e270\">PRODUCTOS<\/a><\/li><\/ul>\n            <div class=\"woocommerce\">\n\t\t\t\t<ul class=\"products eael-post-appender eael-post-appender-ab8e270\" data-layout-mode=\"grid\" data-show-secondary-image=\"0\" >        <li class=\"product \">\n                        <div class=\"eael-product-wrap\" data-src=\"\" data-src-hover=\"\" >\n\t                        <img fetchpriority=\"high\" decoding=\"async\" width=\"282\" height=\"300\" src=\"https:\/\/representacioneshyj.com\/wp-content\/uploads\/2023\/07\/Modelo-HY-TS24V-2-282x300.png\" class=\"attachment-medium size-medium\" alt=\"AUTOCLAVE HT-TS24V\" loading=\"eager\" srcset=\"https:\/\/representacioneshyj.com\/wp-content\/uploads\/2023\/07\/Modelo-HY-TS24V-2-282x300.png 282w, https:\/\/representacioneshyj.com\/wp-content\/uploads\/2023\/07\/Modelo-HY-TS24V-2.png 500w\" sizes=\"(max-width: 282px) 100vw, 282px\" \/><h2 class=\"woocommerce-loop-product__title\">AUTOCLAVE HT-TS24V<\/h2>            <a href=\"https:\/\/representacioneshyj.com\/index.php\/product\/autoclave-ht-ts24v\/\" data-quantity=\"1\" class=\"button product_type_simple\" data-product_id=\"695\" data-product_sku=\"\" aria-label=\"Read more about &ldquo;AUTOCLAVE HT-TS24V&rdquo;\" aria-describedby=\"\" rel=\"nofollow\">Read more<\/a>            <\/div>\n        <\/li>\n                <li class=\"product \">\n                        <div class=\"eael-product-wrap\" data-src=\"\" data-src-hover=\"\" >\n\t                        <img decoding=\"async\" width=\"260\" height=\"300\" src=\"https:\/\/representacioneshyj.com\/wp-content\/uploads\/2023\/07\/HY18II-2-260x300.png\" class=\"attachment-medium size-medium\" alt=\"AUTOCLAVE HT-HY18II\" loading=\"eager\" srcset=\"https:\/\/representacioneshyj.com\/wp-content\/uploads\/2023\/07\/HY18II-2-260x300.png 260w, https:\/\/representacioneshyj.com\/wp-content\/uploads\/2023\/07\/HY18II-2.png 600w\" sizes=\"(max-width: 260px) 100vw, 260px\" \/><h2 class=\"woocommerce-loop-product__title\">AUTOCLAVE HT-HY18II<\/h2>            <a href=\"https:\/\/representacioneshyj.com\/index.php\/product\/autoclave-ht-hy18ii\/\" data-quantity=\"1\" class=\"button product_type_simple\" data-product_id=\"690\" data-product_sku=\"\" aria-label=\"Read more about &ldquo;AUTOCLAVE HT-HY18II&rdquo;\" aria-describedby=\"\" rel=\"nofollow\">Read more<\/a>            <\/div>\n        <\/li>\n                <li class=\"product \">\n                        <div class=\"eael-product-wrap\" data-src=\"\" data-src-hover=\"\" >\n\t                        <img decoding=\"async\" width=\"300\" height=\"235\" src=\"https:\/\/representacioneshyj.com\/wp-content\/uploads\/2023\/08\/LLAVE-300x235.jpg\" class=\"attachment-medium size-medium\" alt=\"LLAVE SACA FRESA\" loading=\"eager\" srcset=\"https:\/\/representacioneshyj.com\/wp-content\/uploads\/2023\/08\/LLAVE-300x235.jpg 300w, https:\/\/representacioneshyj.com\/wp-content\/uploads\/2023\/08\/LLAVE.jpg 500w\" sizes=\"(max-width: 300px) 100vw, 300px\" \/><h2 class=\"woocommerce-loop-product__title\">LLAVE SACA FRESA<\/h2>            <a href=\"https:\/\/representacioneshyj.com\/index.php\/product\/llave-saca-fresa\/\" data-quantity=\"1\" class=\"button product_type_simple\" data-product_id=\"526\" data-product_sku=\"\" aria-label=\"Read more about &ldquo;LLAVE SACA FRESA&rdquo;\" aria-describedby=\"\" rel=\"nofollow\">Read more<\/a>            <\/div>\n        <\/li>\n                <li class=\"product \">\n                        <div class=\"eael-product-wrap\" data-src=\"\" data-src-hover=\"\" >\n\t                        <img decoding=\"async\" width=\"300\" height=\"235\" src=\"https:\/\/representacioneshyj.com\/wp-content\/uploads\/2023\/08\/ABRE-BOCA-300x235.jpg\" class=\"attachment-medium size-medium\" alt=\"ABRE BOCA\" loading=\"eager\" srcset=\"https:\/\/representacioneshyj.com\/wp-content\/uploads\/2023\/08\/ABRE-BOCA-300x235.jpg 300w, https:\/\/representacioneshyj.com\/wp-content\/uploads\/2023\/08\/ABRE-BOCA.jpg 500w\" sizes=\"(max-width: 300px) 100vw, 300px\" \/><h2 class=\"woocommerce-loop-product__title\">ABRE BOCA<\/h2>            <a href=\"https:\/\/representacioneshyj.com\/index.php\/product\/abre-boca\/\" data-quantity=\"1\" class=\"button product_type_simple\" data-product_id=\"519\" data-product_sku=\"\" aria-label=\"Read more about &ldquo;ABRE BOCA&rdquo;\" aria-describedby=\"\" rel=\"nofollow\">Read more<\/a>            <\/div>\n        <\/li>\n                <li class=\"product \">\n                        <div class=\"eael-product-wrap\" data-src=\"\" data-src-hover=\"\" >\n\t                        <img decoding=\"async\" width=\"300\" height=\"235\" src=\"https:\/\/representacioneshyj.com\/wp-content\/uploads\/2023\/08\/JERINGA-TRIPLE-222-300x235.jpg\" class=\"attachment-medium size-medium\" alt=\"JERINGA TRIPLE\" loading=\"eager\" srcset=\"https:\/\/representacioneshyj.com\/wp-content\/uploads\/2023\/08\/JERINGA-TRIPLE-222-300x235.jpg 300w, https:\/\/representacioneshyj.com\/wp-content\/uploads\/2023\/08\/JERINGA-TRIPLE-222.jpg 500w\" sizes=\"(max-width: 300px) 100vw, 300px\" \/><h2 class=\"woocommerce-loop-product__title\">JERINGA TRIPLE<\/h2>            <a href=\"https:\/\/representacioneshyj.com\/index.php\/product\/jeringa-triple\/\" data-quantity=\"1\" class=\"button product_type_simple\" data-product_id=\"514\" data-product_sku=\"\" aria-label=\"Read more about &ldquo;JERINGA TRIPLE&rdquo;\" aria-describedby=\"\" rel=\"nofollow\">Read more<\/a>            <\/div>\n        <\/li>\n                <li class=\"product \">\n                        <div class=\"eael-product-wrap\" data-src=\"\" data-src-hover=\"\" >\n\t                        <img decoding=\"async\" width=\"300\" height=\"235\" src=\"https:\/\/representacioneshyj.com\/wp-content\/uploads\/2023\/08\/PINCELES-1-300x235.jpg\" class=\"attachment-medium size-medium\" alt=\"KIT PINCELES DE SILICONA\" loading=\"eager\" srcset=\"https:\/\/representacioneshyj.com\/wp-content\/uploads\/2023\/08\/PINCELES-1-300x235.jpg 300w, https:\/\/representacioneshyj.com\/wp-content\/uploads\/2023\/08\/PINCELES-1.jpg 500w\" sizes=\"(max-width: 300px) 100vw, 300px\" \/><h2 class=\"woocommerce-loop-product__title\">KIT PINCELES DE SILICONA<\/h2>            <a href=\"https:\/\/representacioneshyj.com\/index.php\/product\/kit-pinceles-de-silicona\/\" data-quantity=\"1\" class=\"button product_type_simple\" data-product_id=\"509\" data-product_sku=\"\" aria-label=\"Read more about &ldquo;KIT PINCELES DE SILICONA&rdquo;\" aria-describedby=\"\" rel=\"nofollow\">Read more<\/a>            <\/div>\n        <\/li>\n                <li class=\"product \">\n                        <div class=\"eael-product-wrap\" data-src=\"\" data-src-hover=\"\" >\n\t                        <img decoding=\"async\" width=\"300\" height=\"235\" src=\"https:\/\/representacioneshyj.com\/wp-content\/uploads\/2023\/08\/ESPEJO-11111-1-300x235.jpg\" class=\"attachment-medium size-medium\" alt=\"ESPEJO INTRAORAL METALICO P- FOTO\" loading=\"eager\" srcset=\"https:\/\/representacioneshyj.com\/wp-content\/uploads\/2023\/08\/ESPEJO-11111-1-300x235.jpg 300w, https:\/\/representacioneshyj.com\/wp-content\/uploads\/2023\/08\/ESPEJO-11111-1.jpg 500w\" sizes=\"(max-width: 300px) 100vw, 300px\" \/><h2 class=\"woocommerce-loop-product__title\">ESPEJO INTRAORAL METALICO P- FOTO<\/h2>            <a href=\"https:\/\/representacioneshyj.com\/index.php\/product\/espejo-intraoral-metalico-p-foto\/\" data-quantity=\"1\" class=\"button product_type_simple\" data-product_id=\"504\" data-product_sku=\"\" aria-label=\"Read more about &ldquo;ESPEJO INTRAORAL METALICO P- FOTO&rdquo;\" aria-describedby=\"\" rel=\"nofollow\">Read more<\/a>            <\/div>\n        <\/li>\n                <li class=\"product \">\n                        <div class=\"eael-product-wrap\" data-src=\"\" data-src-hover=\"\" >\n\t                        <img decoding=\"async\" width=\"300\" height=\"235\" src=\"https:\/\/representacioneshyj.com\/wp-content\/uploads\/2023\/08\/KIT-CONTRASTADORES-3-300x235.jpg\" class=\"attachment-medium size-medium\" alt=\"KIT CONTRASTADORES\" loading=\"eager\" srcset=\"https:\/\/representacioneshyj.com\/wp-content\/uploads\/2023\/08\/KIT-CONTRASTADORES-3-300x235.jpg 300w, https:\/\/representacioneshyj.com\/wp-content\/uploads\/2023\/08\/KIT-CONTRASTADORES-3.jpg 500w\" sizes=\"(max-width: 300px) 100vw, 300px\" \/><h2 class=\"woocommerce-loop-product__title\">KIT CONTRASTADORES<\/h2>            <a href=\"https:\/\/representacioneshyj.com\/index.php\/product\/kit-contrastadores\/\" data-quantity=\"1\" class=\"button product_type_simple\" data-product_id=\"499\" data-product_sku=\"\" aria-label=\"Read more about &ldquo;KIT CONTRASTADORES&rdquo;\" aria-describedby=\"\" rel=\"nofollow\">Read more<\/a>            <\/div>\n        <\/li>\n        <\/ul>            <div class=\"eael-load-more-button-wrap\">\n                <button class=\"eael-load-more-button\" id=\"eael-load-more-btn-ab8e270\" data-widget-id=\"ab8e270\" data-widget=\"ab8e270\" data-page-id=\"130\" data-template=\"{&quot;dir&quot;:&quot;lite&quot;,&quot;file_name&quot;:&quot;default.php&quot;,&quot;name&quot;:&quot;Woo-Product-Gallery&quot;}\" data-class=\"Essential_Addons_Elementor\\Elements\\Woo_Product_Gallery\" data-layout=\"grid\" data-page=\"1\" data-args=\"post_type=product&amp;post_status%5B0%5D=publish&amp;post_status%5B1%5D=pending&amp;post_status%5B2%5D=future&amp;posts_per_page=8&amp;order=desc&amp;offset=0&amp;tax_query%5Brelation%5D=AND&amp;tax_query%5B0%5D%5Btaxonomy%5D=product_visibility&amp;tax_query%5B0%5D%5Bfield%5D=name&amp;tax_query%5B0%5D%5Bterms%5D%5B0%5D=exclude-from-search&amp;tax_query%5B0%5D%5Bterms%5D%5B1%5D=exclude-from-catalog&amp;tax_query%5B0%5D%5Boperator%5D=NOT+IN&amp;orderby=date&amp;meta_query%5Brelation%5D=AND&amp;found_posts=17\" data-max-page=\"3\">\n                    <span class=\"eael-btn-loader button__loader\"><\/span>\n                    <span class=\"eael_load_more_text\">Cargar m\u00e1s<\/span>\n                <\/button>\n            <\/div>\n                        <\/div>\n        <\/div>\n        <script type=\"text\/javascript\">\n\t\t\tjQuery(document).ready(function ($) {\n\t\t\t\tvar $scope = jQuery(\".elementor-element-ab8e270\");\n\t\t\t\tvar $products = $('.products', $scope);\n\t\t\t\tvar $layout_mode = $products.data('layout-mode');\n\n\t\t\t\tif ($layout_mode === 'masonry') {\n\t\t\t\t\t\/\/ init isotope\n\t\t\t\t\tvar $isotope_products = $products.isotope({\n\t\t\t\t\t\t                                          itemSelector: \"li.product\",\n\t\t\t\t\t\t                                          layoutMode: $layout_mode,\n\t\t\t\t\t\t                                          percentPosition: true\n\t\t\t\t\t                                          });\n\n\t\t\t\t\t$isotope_products.imagesLoaded().progress(function () {\n\t\t\t\t\t\t$isotope_products.isotope('layout');\n\t\t\t\t\t})\n\n\t\t\t\t\t$(window).on('resize', function () {\n\t\t\t\t\t\t$isotope_products.isotope('layout');\n\t\t\t\t\t});\n\t\t\t\t}\n\t\t\t});\n        <\/script>\n\t\t\t\t<\/div>\n\t\t\t\t<\/div>\n\t\t\t\t\t<\/div>\n\t\t<\/div>\n\t\t\t\t\t<\/div>\n\t\t<\/section>\n\t\t\t\t<\/div>\n\t\t","protected":false},"excerpt":{"rendered":"<p>PRODUCTOS LLAVE SACA FRESA Leer m\u00e1s ABRE BOCA Leer m\u00e1s JERINGA TRIPLE Leer m\u00e1s KIT PINCELES DE SILICONA Leer m\u00e1s ESPEJO INTRAORAL METALICO P- FOTO Leer m\u00e1s KIT CONTRASTADORES Leer m\u00e1s ESPEJO FACIAL CHICO Leer m\u00e1s RETRACTOR DE LABIOS Leer m\u00e1s Cargar m\u00e1s<\/p>\n","protected":false},"author":1,"featured_media":0,"parent":0,"menu_order":0,"comment_status":"closed","ping_status":"closed","template":"","meta":{"om_disable_all_campaigns":false,"_monsterinsights_skip_tracking":false,"_monsterinsights_sitenote_active":false,"_monsterinsights_sitenote_note":"","_monsterinsights_sitenote_category":0,"_joinchat":[],"footnotes":""},"class_list":["post-130","page","type-page","status-publish","hentry"],"aioseo_notices":[],"_links":{"self":[{"href":"https:\/\/representacioneshyj.com\/index.php\/wp-json\/wp\/v2\/pages\/130","targetHints":{"allow":["GET"]}}],"collection":[{"href":"https:\/\/representacioneshyj.com\/index.php\/wp-json\/wp\/v2\/pages"}],"about":[{"href":"https:\/\/representacioneshyj.com\/index.php\/wp-json\/wp\/v2\/types\/page"}],"author":[{"embeddable":true,"href":"https:\/\/representacioneshyj.com\/index.php\/wp-json\/wp\/v2\/users\/1"}],"replies":[{"embeddable":true,"href":"https:\/\/representacioneshyj.com\/index.php\/wp-json\/wp\/v2\/comments?post=130"}],"version-history":[{"count":22,"href":"https:\/\/representacioneshyj.com\/index.php\/wp-json\/wp\/v2\/pages\/130\/revisions"}],"predecessor-version":[{"id":544,"href":"https:\/\/representacioneshyj.com\/index.php\/wp-json\/wp\/v2\/pages\/130\/revisions\/544"}],"wp:attachment":[{"href":"https:\/\/representacioneshyj.com\/index.php\/wp-json\/wp\/v2\/media?parent=130"}],"curies":[{"name":"wp","href":"https:\/\/api.w.org\/{rel}","templated":true}]}}