{"id":248,"date":"2023-07-29T19:02:56","date_gmt":"2023-07-29T19:02:56","guid":{"rendered":"https:\/\/representacioneshyj.com\/?post_type=product&#038;p=248"},"modified":"2023-08-10T21:06:10","modified_gmt":"2023-08-11T02:06:10","slug":"campos-odontologicos-descartables","status":"publish","type":"product","link":"https:\/\/representacioneshyj.com\/index.php\/product\/campos-odontologicos-descartables\/","title":{"rendered":"CAMPOS ODONTOLOGICOS DESCARTABLES"},"content":{"rendered":"<p><img fetchpriority=\"high\" decoding=\"async\" class=\"alignnone wp-image-250\" src=\"http:\/\/representacioneshyj.com\/wp-content\/uploads\/2023\/07\/CAMPOS-DESCARTABLES-214x300.png\" alt=\"\" width=\"698\" height=\"979\" srcset=\"https:\/\/representacioneshyj.com\/wp-content\/uploads\/2023\/07\/CAMPOS-DESCARTABLES-214x300.png 214w, https:\/\/representacioneshyj.com\/wp-content\/uploads\/2023\/07\/CAMPOS-DESCARTABLES-730x1024.png 730w, https:\/\/representacioneshyj.com\/wp-content\/uploads\/2023\/07\/CAMPOS-DESCARTABLES-768x1077.png 768w, https:\/\/representacioneshyj.com\/wp-content\/uploads\/2023\/07\/CAMPOS-DESCARTABLES-600x841.png 600w, https:\/\/representacioneshyj.com\/wp-content\/uploads\/2023\/07\/CAMPOS-DESCARTABLES.png 883w\" sizes=\"(max-width: 698px) 100vw, 698px\" \/><\/p>\n","protected":false},"excerpt":{"rendered":"<p>Los campos odontol\u00f3gicos descartables son una soluci\u00f3n higi\u00e9nica y segura para procedimientos dentales. Fabricados con materiales de alta calidad, estos campos ofrecen una barrera efectiva contra contaminantes y facilitan la limpieza. Su dise\u00f1o ergon\u00f3mico garantiza un ajuste c\u00f3modo y una protecci\u00f3n \u00f3ptima para el paciente y el equipo dental. Pr\u00e1cticos y de f\u00e1cil disposici\u00f3n, son indispensables para mantener la asepsia en el consultorio odontol\u00f3gico.<\/p>\n","protected":false},"featured_media":561,"template":"elementor_theme","meta":{"om_disable_all_campaigns":false,"_monsterinsights_skip_tracking":false,"_monsterinsights_sitenote_active":false,"_monsterinsights_sitenote_note":"","_monsterinsights_sitenote_category":0,"_joinchat":[]},"product_cat":[22],"product_tag":[25,26],"class_list":{"0":"post-248","1":"product","2":"type-product","3":"status-publish","4":"has-post-thumbnail","6":"product_cat-descartables","7":"product_tag-campos","8":"product_tag-descartables","10":"first","11":"instock","12":"shipping-taxable","13":"product-type-simple"},"aioseo_notices":[],"_links":{"self":[{"href":"https:\/\/representacioneshyj.com\/index.php\/wp-json\/wp\/v2\/product\/248","targetHints":{"allow":["GET"]}}],"collection":[{"href":"https:\/\/representacioneshyj.com\/index.php\/wp-json\/wp\/v2\/product"}],"about":[{"href":"https:\/\/representacioneshyj.com\/index.php\/wp-json\/wp\/v2\/types\/product"}],"version-history":[{"count":2,"href":"https:\/\/representacioneshyj.com\/index.php\/wp-json\/wp\/v2\/product\/248\/revisions"}],"predecessor-version":[{"id":252,"href":"https:\/\/representacioneshyj.com\/index.php\/wp-json\/wp\/v2\/product\/248\/revisions\/252"}],"wp:featuredmedia":[{"embeddable":true,"href":"https:\/\/representacioneshyj.com\/index.php\/wp-json\/wp\/v2\/media\/561"}],"wp:attachment":[{"href":"https:\/\/representacioneshyj.com\/index.php\/wp-json\/wp\/v2\/media?parent=248"}],"wp:term":[{"taxonomy":"product_cat","embeddable":true,"href":"https:\/\/representacioneshyj.com\/index.php\/wp-json\/wp\/v2\/product_cat?post=248"},{"taxonomy":"product_tag","embeddable":true,"href":"https:\/\/representacioneshyj.com\/index.php\/wp-json\/wp\/v2\/product_tag?post=248"}],"curies":[{"name":"wp","href":"https:\/\/api.w.org\/{rel}","templated":true}]}}