{"id":421,"date":"2023-07-29T21:46:16","date_gmt":"2023-07-30T02:46:16","guid":{"rendered":"https:\/\/representacioneshyj.com\/?post_type=product&#038;p=421"},"modified":"2023-08-10T21:08:24","modified_gmt":"2023-08-11T02:08:24","slug":"rollos-para-esterilizar","status":"publish","type":"product","link":"https:\/\/representacioneshyj.com\/index.php\/product\/rollos-para-esterilizar\/","title":{"rendered":"ROLLOS PARA ESTERILIZAR"},"content":{"rendered":"<p><img fetchpriority=\"high\" decoding=\"async\" class=\"alignnone wp-image-422\" src=\"http:\/\/representacioneshyj.com\/wp-content\/uploads\/2023\/07\/rollos-para-esterilizar-300x276.png\" alt=\"\" width=\"1815\" height=\"1670\" srcset=\"https:\/\/representacioneshyj.com\/wp-content\/uploads\/2023\/07\/rollos-para-esterilizar-300x276.png 300w, https:\/\/representacioneshyj.com\/wp-content\/uploads\/2023\/07\/rollos-para-esterilizar-600x551.png 600w\" sizes=\"(max-width: 1815px) 100vw, 1815px\" \/><\/p>\n","protected":false},"excerpt":{"rendered":"<p>Rollos para esterilizar: Pr\u00e1cticos y vers\u00e1tiles. Envuelven instrumentos m\u00e9dicos y odontol\u00f3gicos para un proceso de esterilizaci\u00f3n seguro y eficiente.<\/p>\n","protected":false},"featured_media":559,"template":"","meta":{"om_disable_all_campaigns":false,"_monsterinsights_skip_tracking":false,"_monsterinsights_sitenote_active":false,"_monsterinsights_sitenote_note":"","_monsterinsights_sitenote_category":0,"_joinchat":[]},"product_cat":[22],"product_tag":[30],"class_list":{"0":"post-421","1":"product","2":"type-product","3":"status-publish","4":"has-post-thumbnail","6":"product_cat-descartables","7":"product_tag-rollos","9":"first","10":"instock","11":"shipping-taxable","12":"product-type-simple"},"aioseo_notices":[],"_links":{"self":[{"href":"https:\/\/representacioneshyj.com\/index.php\/wp-json\/wp\/v2\/product\/421","targetHints":{"allow":["GET"]}}],"collection":[{"href":"https:\/\/representacioneshyj.com\/index.php\/wp-json\/wp\/v2\/product"}],"about":[{"href":"https:\/\/representacioneshyj.com\/index.php\/wp-json\/wp\/v2\/types\/product"}],"version-history":[{"count":1,"href":"https:\/\/representacioneshyj.com\/index.php\/wp-json\/wp\/v2\/product\/421\/revisions"}],"predecessor-version":[{"id":424,"href":"https:\/\/representacioneshyj.com\/index.php\/wp-json\/wp\/v2\/product\/421\/revisions\/424"}],"wp:featuredmedia":[{"embeddable":true,"href":"https:\/\/representacioneshyj.com\/index.php\/wp-json\/wp\/v2\/media\/559"}],"wp:attachment":[{"href":"https:\/\/representacioneshyj.com\/index.php\/wp-json\/wp\/v2\/media?parent=421"}],"wp:term":[{"taxonomy":"product_cat","embeddable":true,"href":"https:\/\/representacioneshyj.com\/index.php\/wp-json\/wp\/v2\/product_cat?post=421"},{"taxonomy":"product_tag","embeddable":true,"href":"https:\/\/representacioneshyj.com\/index.php\/wp-json\/wp\/v2\/product_tag?post=421"}],"curies":[{"name":"wp","href":"https:\/\/api.w.org\/{rel}","templated":true}]}}