{"id":465,"date":"2023-08-09T20:38:07","date_gmt":"2023-08-10T01:38:07","guid":{"rendered":"https:\/\/representacioneshyj.com\/?post_type=product&#038;p=465"},"modified":"2023-08-10T21:14:33","modified_gmt":"2023-08-11T02:14:33","slug":"gorros-descartables","status":"publish","type":"product","link":"https:\/\/representacioneshyj.com\/index.php\/product\/gorros-descartables\/","title":{"rendered":"GORROS DESCARTABLES"},"content":{"rendered":"<p>&nbsp;<\/p>\n<p><img fetchpriority=\"high\" decoding=\"async\" class=\"alignnone wp-image-466\" src=\"http:\/\/representacioneshyj.com\/wp-content\/uploads\/2023\/08\/gorros-decartables-300x145.png\" alt=\"\" width=\"929\" height=\"449\" srcset=\"https:\/\/representacioneshyj.com\/wp-content\/uploads\/2023\/08\/gorros-decartables-300x145.png 300w, https:\/\/representacioneshyj.com\/wp-content\/uploads\/2023\/08\/gorros-decartables-768x372.png 768w, https:\/\/representacioneshyj.com\/wp-content\/uploads\/2023\/08\/gorros-decartables-600x291.png 600w, https:\/\/representacioneshyj.com\/wp-content\/uploads\/2023\/08\/gorros-decartables.png 860w\" sizes=\"(max-width: 929px) 100vw, 929px\" \/><\/p>\n","protected":false},"excerpt":{"rendered":"<p>Los gorros descartables son esenciales en odontolog\u00eda para mantener un entorno est\u00e9ril y seguro. Estos gorros evitan la dispersi\u00f3n de cabello y part\u00edculas durante los procedimientos, reduciendo el riesgo de contaminaci\u00f3n cruzada y asegurando condiciones higi\u00e9nicas. Adem\u00e1s, proporcionan comodidad tanto al paciente como al profesional, contribuyendo a pr\u00e1cticas cl\u00ednicas eficientes<\/p>\n","protected":false},"featured_media":560,"template":"","meta":{"om_disable_all_campaigns":false,"_monsterinsights_skip_tracking":false,"_monsterinsights_sitenote_active":false,"_monsterinsights_sitenote_note":"","_monsterinsights_sitenote_category":0,"_joinchat":[]},"product_cat":[22],"product_tag":[31],"class_list":{"0":"post-465","1":"product","2":"type-product","3":"status-publish","4":"has-post-thumbnail","6":"product_cat-descartables","7":"product_tag-gorros","9":"first","10":"instock","11":"shipping-taxable","12":"product-type-simple"},"aioseo_notices":[],"_links":{"self":[{"href":"https:\/\/representacioneshyj.com\/index.php\/wp-json\/wp\/v2\/product\/465","targetHints":{"allow":["GET"]}}],"collection":[{"href":"https:\/\/representacioneshyj.com\/index.php\/wp-json\/wp\/v2\/product"}],"about":[{"href":"https:\/\/representacioneshyj.com\/index.php\/wp-json\/wp\/v2\/types\/product"}],"version-history":[{"count":2,"href":"https:\/\/representacioneshyj.com\/index.php\/wp-json\/wp\/v2\/product\/465\/revisions"}],"predecessor-version":[{"id":471,"href":"https:\/\/representacioneshyj.com\/index.php\/wp-json\/wp\/v2\/product\/465\/revisions\/471"}],"wp:featuredmedia":[{"embeddable":true,"href":"https:\/\/representacioneshyj.com\/index.php\/wp-json\/wp\/v2\/media\/560"}],"wp:attachment":[{"href":"https:\/\/representacioneshyj.com\/index.php\/wp-json\/wp\/v2\/media?parent=465"}],"wp:term":[{"taxonomy":"product_cat","embeddable":true,"href":"https:\/\/representacioneshyj.com\/index.php\/wp-json\/wp\/v2\/product_cat?post=465"},{"taxonomy":"product_tag","embeddable":true,"href":"https:\/\/representacioneshyj.com\/index.php\/wp-json\/wp\/v2\/product_tag?post=465"}],"curies":[{"name":"wp","href":"https:\/\/api.w.org\/{rel}","templated":true}]}}