{"id":473,"date":"2023-08-09T21:23:52","date_gmt":"2023-08-10T02:23:52","guid":{"rendered":"https:\/\/representacioneshyj.com\/?post_type=product&#038;p=473"},"modified":"2023-08-10T21:08:47","modified_gmt":"2023-08-11T02:08:47","slug":"puntas-para-silicona","status":"publish","type":"product","link":"https:\/\/representacioneshyj.com\/index.php\/product\/puntas-para-silicona\/","title":{"rendered":"PUNTAS PARA SILICONA"},"content":{"rendered":"<p><img fetchpriority=\"high\" decoding=\"async\" class=\"alignnone wp-image-474\" src=\"http:\/\/representacioneshyj.com\/wp-content\/uploads\/2023\/08\/PUNTAS-PARA-SILICONA-300x140.png\" alt=\"\" width=\"1225\" height=\"572\" srcset=\"https:\/\/representacioneshyj.com\/wp-content\/uploads\/2023\/08\/PUNTAS-PARA-SILICONA-300x140.png 300w, https:\/\/representacioneshyj.com\/wp-content\/uploads\/2023\/08\/PUNTAS-PARA-SILICONA-1024x479.png 1024w, https:\/\/representacioneshyj.com\/wp-content\/uploads\/2023\/08\/PUNTAS-PARA-SILICONA-768x360.png 768w, https:\/\/representacioneshyj.com\/wp-content\/uploads\/2023\/08\/PUNTAS-PARA-SILICONA-600x281.png 600w, https:\/\/representacioneshyj.com\/wp-content\/uploads\/2023\/08\/PUNTAS-PARA-SILICONA.png 1070w\" sizes=\"(max-width: 1225px) 100vw, 1225px\" \/><\/p>\n","protected":false},"excerpt":{"rendered":"<p>Las puntas para mezcla de silicona en odontolog\u00eda son herramientas precisas y ergon\u00f3micas. Facilitan la combinaci\u00f3n homog\u00e9nea de materiales de impresi\u00f3n, asegurando resultados precisos en la toma de impresiones dentales. Su dise\u00f1o funcional y manejo c\u00f3modo optimizan la preparaci\u00f3n de mezclas, contribuyendo a la eficiencia y calidad en los procedimientos cl\u00ednicos.<\/p>\n","protected":false},"featured_media":554,"template":"","meta":{"om_disable_all_campaigns":false,"_monsterinsights_skip_tracking":false,"_monsterinsights_sitenote_active":false,"_monsterinsights_sitenote_note":"","_monsterinsights_sitenote_category":0,"_joinchat":[]},"product_cat":[22],"product_tag":[32],"class_list":{"0":"post-473","1":"product","2":"type-product","3":"status-publish","4":"has-post-thumbnail","6":"product_cat-descartables","7":"product_tag-puntas-silicona","9":"first","10":"instock","11":"shipping-taxable","12":"product-type-simple"},"aioseo_notices":[],"_links":{"self":[{"href":"https:\/\/representacioneshyj.com\/index.php\/wp-json\/wp\/v2\/product\/473","targetHints":{"allow":["GET"]}}],"collection":[{"href":"https:\/\/representacioneshyj.com\/index.php\/wp-json\/wp\/v2\/product"}],"about":[{"href":"https:\/\/representacioneshyj.com\/index.php\/wp-json\/wp\/v2\/types\/product"}],"version-history":[{"count":3,"href":"https:\/\/representacioneshyj.com\/index.php\/wp-json\/wp\/v2\/product\/473\/revisions"}],"predecessor-version":[{"id":480,"href":"https:\/\/representacioneshyj.com\/index.php\/wp-json\/wp\/v2\/product\/473\/revisions\/480"}],"wp:featuredmedia":[{"embeddable":true,"href":"https:\/\/representacioneshyj.com\/index.php\/wp-json\/wp\/v2\/media\/554"}],"wp:attachment":[{"href":"https:\/\/representacioneshyj.com\/index.php\/wp-json\/wp\/v2\/media?parent=473"}],"wp:term":[{"taxonomy":"product_cat","embeddable":true,"href":"https:\/\/representacioneshyj.com\/index.php\/wp-json\/wp\/v2\/product_cat?post=473"},{"taxonomy":"product_tag","embeddable":true,"href":"https:\/\/representacioneshyj.com\/index.php\/wp-json\/wp\/v2\/product_tag?post=473"}],"curies":[{"name":"wp","href":"https:\/\/api.w.org\/{rel}","templated":true}]}}