{"id":481,"date":"2023-08-09T21:33:32","date_gmt":"2023-08-10T02:33:32","guid":{"rendered":"https:\/\/representacioneshyj.com\/?post_type=product&#038;p=481"},"modified":"2023-08-10T21:09:01","modified_gmt":"2023-08-11T02:09:01","slug":"puntas-tips-para-silicona","status":"publish","type":"product","link":"https:\/\/representacioneshyj.com\/index.php\/product\/puntas-tips-para-silicona\/","title":{"rendered":"PUNTAS TIPS PARA SILICONA"},"content":{"rendered":"<p><img fetchpriority=\"high\" decoding=\"async\" class=\"alignnone wp-image-482\" src=\"http:\/\/representacioneshyj.com\/wp-content\/uploads\/2023\/08\/puntas-tips-para-silicona-300x81.png\" alt=\"\" width=\"1556\" height=\"420\" srcset=\"https:\/\/representacioneshyj.com\/wp-content\/uploads\/2023\/08\/puntas-tips-para-silicona-300x81.png 300w, https:\/\/representacioneshyj.com\/wp-content\/uploads\/2023\/08\/puntas-tips-para-silicona-1024x276.png 1024w, https:\/\/representacioneshyj.com\/wp-content\/uploads\/2023\/08\/puntas-tips-para-silicona-768x207.png 768w, https:\/\/representacioneshyj.com\/wp-content\/uploads\/2023\/08\/puntas-tips-para-silicona-1536x414.png 1536w, https:\/\/representacioneshyj.com\/wp-content\/uploads\/2023\/08\/puntas-tips-para-silicona-2048x552.png 2048w, https:\/\/representacioneshyj.com\/wp-content\/uploads\/2023\/08\/puntas-tips-para-silicona-600x162.png 600w\" sizes=\"(max-width: 1556px) 100vw, 1556px\" \/><\/p>\n","protected":false},"excerpt":{"rendered":"<p>Las puntas tips para silicona en odontolog\u00eda son instrumentos esenciales para aplicar con precisi\u00f3n materiales de impresi\u00f3n en \u00e1reas espec\u00edficas. Su dise\u00f1o ergon\u00f3mico y flujo controlado permiten una distribuci\u00f3n uniforme, mejorando la calidad de las impresiones dentales. Estas puntas son herramientas indispensables para lograr resultados detallados y confiables en procedimientos odontol\u00f3gicos.<\/p>\n","protected":false},"featured_media":557,"template":"","meta":{"om_disable_all_campaigns":false,"_monsterinsights_skip_tracking":false,"_monsterinsights_sitenote_active":false,"_monsterinsights_sitenote_note":"","_monsterinsights_sitenote_category":0,"_joinchat":[]},"product_cat":[22],"product_tag":[33],"class_list":{"0":"post-481","1":"product","2":"type-product","3":"status-publish","4":"has-post-thumbnail","6":"product_cat-descartables","7":"product_tag-puntas-tip","9":"first","10":"instock","11":"shipping-taxable","12":"product-type-simple"},"aioseo_notices":[],"_links":{"self":[{"href":"https:\/\/representacioneshyj.com\/index.php\/wp-json\/wp\/v2\/product\/481","targetHints":{"allow":["GET"]}}],"collection":[{"href":"https:\/\/representacioneshyj.com\/index.php\/wp-json\/wp\/v2\/product"}],"about":[{"href":"https:\/\/representacioneshyj.com\/index.php\/wp-json\/wp\/v2\/types\/product"}],"version-history":[{"count":2,"href":"https:\/\/representacioneshyj.com\/index.php\/wp-json\/wp\/v2\/product\/481\/revisions"}],"predecessor-version":[{"id":485,"href":"https:\/\/representacioneshyj.com\/index.php\/wp-json\/wp\/v2\/product\/481\/revisions\/485"}],"wp:featuredmedia":[{"embeddable":true,"href":"https:\/\/representacioneshyj.com\/index.php\/wp-json\/wp\/v2\/media\/557"}],"wp:attachment":[{"href":"https:\/\/representacioneshyj.com\/index.php\/wp-json\/wp\/v2\/media?parent=481"}],"wp:term":[{"taxonomy":"product_cat","embeddable":true,"href":"https:\/\/representacioneshyj.com\/index.php\/wp-json\/wp\/v2\/product_cat?post=481"},{"taxonomy":"product_tag","embeddable":true,"href":"https:\/\/representacioneshyj.com\/index.php\/wp-json\/wp\/v2\/product_tag?post=481"}],"curies":[{"name":"wp","href":"https:\/\/api.w.org\/{rel}","templated":true}]}}