{"id":487,"date":"2023-08-09T21:38:51","date_gmt":"2023-08-10T02:38:51","guid":{"rendered":"https:\/\/representacioneshyj.com\/?post_type=product&#038;p=487"},"modified":"2023-08-10T21:09:41","modified_gmt":"2023-08-11T02:09:41","slug":"retractor-de-labios","status":"publish","type":"product","link":"https:\/\/representacioneshyj.com\/index.php\/product\/retractor-de-labios\/","title":{"rendered":"RETRACTOR DE LABIOS"},"content":{"rendered":"<p><img fetchpriority=\"high\" decoding=\"async\" class=\"alignnone wp-image-488\" src=\"http:\/\/representacioneshyj.com\/wp-content\/uploads\/2023\/08\/RETRACTOR-DE-LABIOS-300x94.png\" alt=\"\" width=\"1624\" height=\"509\" srcset=\"https:\/\/representacioneshyj.com\/wp-content\/uploads\/2023\/08\/RETRACTOR-DE-LABIOS-300x94.png 300w, https:\/\/representacioneshyj.com\/wp-content\/uploads\/2023\/08\/RETRACTOR-DE-LABIOS-1024x322.png 1024w, https:\/\/representacioneshyj.com\/wp-content\/uploads\/2023\/08\/RETRACTOR-DE-LABIOS-768x242.png 768w, https:\/\/representacioneshyj.com\/wp-content\/uploads\/2023\/08\/RETRACTOR-DE-LABIOS-600x189.png 600w\" sizes=\"(max-width: 1624px) 100vw, 1624px\" \/><\/p>\n","protected":false},"excerpt":{"rendered":"<p>El retractor de labios odontol\u00f3gico es una herramienta clave para brindar un acceso claro y sin obstrucciones al \u00e1rea tratada. Su dise\u00f1o delicado y c\u00f3modo separa suavemente los labios, permitiendo una visibilidad \u00f3ptima para procedimientos precisos. Mejora la eficiencia cl\u00ednica al facilitar el trabajo del profesional y asegura un entorno adecuado para realizar intervenciones de calidad.<\/p>\n","protected":false},"featured_media":565,"template":"","meta":{"om_disable_all_campaigns":false,"_monsterinsights_skip_tracking":false,"_monsterinsights_sitenote_active":false,"_monsterinsights_sitenote_note":"","_monsterinsights_sitenote_category":0,"_joinchat":[]},"product_cat":[22],"product_tag":[34],"class_list":{"0":"post-487","1":"product","2":"type-product","3":"status-publish","4":"has-post-thumbnail","6":"product_cat-descartables","7":"product_tag-retractor","9":"first","10":"instock","11":"shipping-taxable","12":"product-type-simple"},"aioseo_notices":[],"_links":{"self":[{"href":"https:\/\/representacioneshyj.com\/index.php\/wp-json\/wp\/v2\/product\/487","targetHints":{"allow":["GET"]}}],"collection":[{"href":"https:\/\/representacioneshyj.com\/index.php\/wp-json\/wp\/v2\/product"}],"about":[{"href":"https:\/\/representacioneshyj.com\/index.php\/wp-json\/wp\/v2\/types\/product"}],"version-history":[{"count":1,"href":"https:\/\/representacioneshyj.com\/index.php\/wp-json\/wp\/v2\/product\/487\/revisions"}],"predecessor-version":[{"id":491,"href":"https:\/\/representacioneshyj.com\/index.php\/wp-json\/wp\/v2\/product\/487\/revisions\/491"}],"wp:featuredmedia":[{"embeddable":true,"href":"https:\/\/representacioneshyj.com\/index.php\/wp-json\/wp\/v2\/media\/565"}],"wp:attachment":[{"href":"https:\/\/representacioneshyj.com\/index.php\/wp-json\/wp\/v2\/media?parent=487"}],"wp:term":[{"taxonomy":"product_cat","embeddable":true,"href":"https:\/\/representacioneshyj.com\/index.php\/wp-json\/wp\/v2\/product_cat?post=487"},{"taxonomy":"product_tag","embeddable":true,"href":"https:\/\/representacioneshyj.com\/index.php\/wp-json\/wp\/v2\/product_tag?post=487"}],"curies":[{"name":"wp","href":"https:\/\/api.w.org\/{rel}","templated":true}]}}