{"id":492,"date":"2023-08-09T21:41:58","date_gmt":"2023-08-10T02:41:58","guid":{"rendered":"https:\/\/representacioneshyj.com\/?post_type=product&#038;p=492"},"modified":"2023-08-10T21:14:59","modified_gmt":"2023-08-11T02:14:59","slug":"espejo-facial-chico","status":"publish","type":"product","link":"https:\/\/representacioneshyj.com\/index.php\/product\/espejo-facial-chico\/","title":{"rendered":"ESPEJO FACIAL CHICO"},"content":{"rendered":"<p><img fetchpriority=\"high\" decoding=\"async\" class=\"alignnone wp-image-494\" src=\"http:\/\/representacioneshyj.com\/wp-content\/uploads\/2023\/08\/espejo-facial-chino-300x116.png\" alt=\"\" width=\"1606\" height=\"621\" srcset=\"https:\/\/representacioneshyj.com\/wp-content\/uploads\/2023\/08\/espejo-facial-chino-300x116.png 300w, https:\/\/representacioneshyj.com\/wp-content\/uploads\/2023\/08\/espejo-facial-chino-1024x395.png 1024w, https:\/\/representacioneshyj.com\/wp-content\/uploads\/2023\/08\/espejo-facial-chino-768x296.png 768w, https:\/\/representacioneshyj.com\/wp-content\/uploads\/2023\/08\/espejo-facial-chino-600x231.png 600w\" sizes=\"(max-width: 1606px) 100vw, 1606px\" \/><\/p>\n","protected":false},"excerpt":{"rendered":"<p>El espejo facial chico, de uso odontol\u00f3gico, proporciona una visi\u00f3n detallada de la cavidad oral. Su tama\u00f1o compacto y dise\u00f1o ergon\u00f3mico permiten un acceso c\u00f3modo a \u00e1reas espec\u00edficas. Este instrumento esencial mejora la comunicaci\u00f3n con el paciente y la calidad de los procedimientos al brindar una visualizaci\u00f3n clara, contribuyendo a un enfoque preciso en la atenci\u00f3n dental.<\/p>\n","protected":false},"featured_media":566,"template":"","meta":{"om_disable_all_campaigns":false,"_monsterinsights_skip_tracking":false,"_monsterinsights_sitenote_active":false,"_monsterinsights_sitenote_note":"","_monsterinsights_sitenote_category":0,"_joinchat":[]},"product_cat":[23],"product_tag":[35],"class_list":{"0":"post-492","1":"product","2":"type-product","3":"status-publish","4":"has-post-thumbnail","6":"product_cat-herramientas","7":"product_tag-espejo","9":"first","10":"instock","11":"shipping-taxable","12":"product-type-simple"},"aioseo_notices":[],"_links":{"self":[{"href":"https:\/\/representacioneshyj.com\/index.php\/wp-json\/wp\/v2\/product\/492","targetHints":{"allow":["GET"]}}],"collection":[{"href":"https:\/\/representacioneshyj.com\/index.php\/wp-json\/wp\/v2\/product"}],"about":[{"href":"https:\/\/representacioneshyj.com\/index.php\/wp-json\/wp\/v2\/types\/product"}],"version-history":[{"count":3,"href":"https:\/\/representacioneshyj.com\/index.php\/wp-json\/wp\/v2\/product\/492\/revisions"}],"predecessor-version":[{"id":498,"href":"https:\/\/representacioneshyj.com\/index.php\/wp-json\/wp\/v2\/product\/492\/revisions\/498"}],"wp:featuredmedia":[{"embeddable":true,"href":"https:\/\/representacioneshyj.com\/index.php\/wp-json\/wp\/v2\/media\/566"}],"wp:attachment":[{"href":"https:\/\/representacioneshyj.com\/index.php\/wp-json\/wp\/v2\/media?parent=492"}],"wp:term":[{"taxonomy":"product_cat","embeddable":true,"href":"https:\/\/representacioneshyj.com\/index.php\/wp-json\/wp\/v2\/product_cat?post=492"},{"taxonomy":"product_tag","embeddable":true,"href":"https:\/\/representacioneshyj.com\/index.php\/wp-json\/wp\/v2\/product_tag?post=492"}],"curies":[{"name":"wp","href":"https:\/\/api.w.org\/{rel}","templated":true}]}}