{"id":499,"date":"2023-08-09T21:51:33","date_gmt":"2023-08-10T02:51:33","guid":{"rendered":"https:\/\/representacioneshyj.com\/?post_type=product&#038;p=499"},"modified":"2023-08-10T21:10:50","modified_gmt":"2023-08-11T02:10:50","slug":"kit-contrastadores","status":"publish","type":"product","link":"https:\/\/representacioneshyj.com\/index.php\/product\/kit-contrastadores\/","title":{"rendered":"KIT CONTRASTADORES"},"content":{"rendered":"<p><img fetchpriority=\"high\" decoding=\"async\" class=\"alignnone wp-image-500\" src=\"http:\/\/representacioneshyj.com\/wp-content\/uploads\/2023\/08\/KIT-CONTRASTADORES-300x133.png\" alt=\"\" width=\"1347\" height=\"597\" srcset=\"https:\/\/representacioneshyj.com\/wp-content\/uploads\/2023\/08\/KIT-CONTRASTADORES-300x133.png 300w, https:\/\/representacioneshyj.com\/wp-content\/uploads\/2023\/08\/KIT-CONTRASTADORES-768x339.png 768w, https:\/\/representacioneshyj.com\/wp-content\/uploads\/2023\/08\/KIT-CONTRASTADORES-600x265.png 600w\" sizes=\"(max-width: 1347px) 100vw, 1347px\" \/><\/p>\n","protected":false},"excerpt":{"rendered":"<p>El kit de contrastadores odontol\u00f3gicos ofrece una gama de instrumentos especializados para mejorar la detecci\u00f3n y diagn\u00f3stico preciso. Estos contrastadores de diferentes formas y tama\u00f1os resaltan detalles anat\u00f3micos y patolog\u00edas en la cavidad oral. Esencial para ex\u00e1menes exhaustivos, el kit optimiza la calidad de la atenci\u00f3n dental al proporcionar una evaluaci\u00f3n minuciosa y facilitar decisiones cl\u00ednicas informadas.<\/p>\n","protected":false},"featured_media":550,"template":"","meta":{"om_disable_all_campaigns":false,"_monsterinsights_skip_tracking":false,"_monsterinsights_sitenote_active":false,"_monsterinsights_sitenote_note":"","_monsterinsights_sitenote_category":0,"_joinchat":[]},"product_cat":[15],"product_tag":[],"class_list":{"0":"post-499","1":"product","2":"type-product","3":"status-publish","4":"has-post-thumbnail","6":"product_cat-uncategorized","8":"first","9":"instock","10":"shipping-taxable","11":"product-type-simple"},"aioseo_notices":[],"_links":{"self":[{"href":"https:\/\/representacioneshyj.com\/index.php\/wp-json\/wp\/v2\/product\/499","targetHints":{"allow":["GET"]}}],"collection":[{"href":"https:\/\/representacioneshyj.com\/index.php\/wp-json\/wp\/v2\/product"}],"about":[{"href":"https:\/\/representacioneshyj.com\/index.php\/wp-json\/wp\/v2\/types\/product"}],"version-history":[{"count":1,"href":"https:\/\/representacioneshyj.com\/index.php\/wp-json\/wp\/v2\/product\/499\/revisions"}],"predecessor-version":[{"id":503,"href":"https:\/\/representacioneshyj.com\/index.php\/wp-json\/wp\/v2\/product\/499\/revisions\/503"}],"wp:featuredmedia":[{"embeddable":true,"href":"https:\/\/representacioneshyj.com\/index.php\/wp-json\/wp\/v2\/media\/550"}],"wp:attachment":[{"href":"https:\/\/representacioneshyj.com\/index.php\/wp-json\/wp\/v2\/media?parent=499"}],"wp:term":[{"taxonomy":"product_cat","embeddable":true,"href":"https:\/\/representacioneshyj.com\/index.php\/wp-json\/wp\/v2\/product_cat?post=499"},{"taxonomy":"product_tag","embeddable":true,"href":"https:\/\/representacioneshyj.com\/index.php\/wp-json\/wp\/v2\/product_tag?post=499"}],"curies":[{"name":"wp","href":"https:\/\/api.w.org\/{rel}","templated":true}]}}