{"id":509,"date":"2023-08-09T21:57:54","date_gmt":"2023-08-10T02:57:54","guid":{"rendered":"https:\/\/representacioneshyj.com\/?post_type=product&#038;p=509"},"modified":"2023-08-10T21:11:40","modified_gmt":"2023-08-11T02:11:40","slug":"kit-pinceles-de-silicona","status":"publish","type":"product","link":"https:\/\/representacioneshyj.com\/index.php\/product\/kit-pinceles-de-silicona\/","title":{"rendered":"KIT PINCELES DE SILICONA"},"content":{"rendered":"<p><img fetchpriority=\"high\" decoding=\"async\" class=\"alignnone wp-image-510\" src=\"http:\/\/representacioneshyj.com\/wp-content\/uploads\/2023\/08\/KIT-PINCELES-DE-SILICONA-300x118.png\" alt=\"\" width=\"1419\" height=\"558\" srcset=\"https:\/\/representacioneshyj.com\/wp-content\/uploads\/2023\/08\/KIT-PINCELES-DE-SILICONA-300x118.png 300w, https:\/\/representacioneshyj.com\/wp-content\/uploads\/2023\/08\/KIT-PINCELES-DE-SILICONA-1024x404.png 1024w, https:\/\/representacioneshyj.com\/wp-content\/uploads\/2023\/08\/KIT-PINCELES-DE-SILICONA-768x303.png 768w, https:\/\/representacioneshyj.com\/wp-content\/uploads\/2023\/08\/KIT-PINCELES-DE-SILICONA-600x237.png 600w\" sizes=\"(max-width: 1419px) 100vw, 1419px\" \/><\/p>\n","protected":false},"excerpt":{"rendered":"<p>El kit de pinceles de silicona, dise\u00f1ado para uso odontol\u00f3gico, proporciona herramientas vers\u00e1tiles para la aplicaci\u00f3n precisa de materiales en procedimientos dentales. Estos pinceles flexibles y no abrasivos permiten una distribuci\u00f3n uniforme y controlada, garantizando resultados est\u00e9ticos y funcionales. Esenciales para la manipulaci\u00f3n de compuestos en tratamientos, optimizan la precisi\u00f3n y eficiencia cl\u00ednica, contribuyendo a una atenci\u00f3n de calidad.<\/p>\n","protected":false},"featured_media":552,"template":"","meta":{"om_disable_all_campaigns":false,"_monsterinsights_skip_tracking":false,"_monsterinsights_sitenote_active":false,"_monsterinsights_sitenote_note":"","_monsterinsights_sitenote_category":0,"_joinchat":[]},"product_cat":[15],"product_tag":[],"class_list":{"0":"post-509","1":"product","2":"type-product","3":"status-publish","4":"has-post-thumbnail","6":"product_cat-uncategorized","8":"first","9":"instock","10":"shipping-taxable","11":"product-type-simple"},"aioseo_notices":[],"_links":{"self":[{"href":"https:\/\/representacioneshyj.com\/index.php\/wp-json\/wp\/v2\/product\/509","targetHints":{"allow":["GET"]}}],"collection":[{"href":"https:\/\/representacioneshyj.com\/index.php\/wp-json\/wp\/v2\/product"}],"about":[{"href":"https:\/\/representacioneshyj.com\/index.php\/wp-json\/wp\/v2\/types\/product"}],"version-history":[{"count":1,"href":"https:\/\/representacioneshyj.com\/index.php\/wp-json\/wp\/v2\/product\/509\/revisions"}],"predecessor-version":[{"id":511,"href":"https:\/\/representacioneshyj.com\/index.php\/wp-json\/wp\/v2\/product\/509\/revisions\/511"}],"wp:featuredmedia":[{"embeddable":true,"href":"https:\/\/representacioneshyj.com\/index.php\/wp-json\/wp\/v2\/media\/552"}],"wp:attachment":[{"href":"https:\/\/representacioneshyj.com\/index.php\/wp-json\/wp\/v2\/media?parent=509"}],"wp:term":[{"taxonomy":"product_cat","embeddable":true,"href":"https:\/\/representacioneshyj.com\/index.php\/wp-json\/wp\/v2\/product_cat?post=509"},{"taxonomy":"product_tag","embeddable":true,"href":"https:\/\/representacioneshyj.com\/index.php\/wp-json\/wp\/v2\/product_tag?post=509"}],"curies":[{"name":"wp","href":"https:\/\/api.w.org\/{rel}","templated":true}]}}