{"id":519,"date":"2023-08-09T22:04:27","date_gmt":"2023-08-10T03:04:27","guid":{"rendered":"https:\/\/representacioneshyj.com\/?post_type=product&#038;p=519"},"modified":"2023-08-10T21:13:52","modified_gmt":"2023-08-11T02:13:52","slug":"abre-boca","status":"publish","type":"product","link":"https:\/\/representacioneshyj.com\/index.php\/product\/abre-boca\/","title":{"rendered":"ABRE BOCA"},"content":{"rendered":"<p><img fetchpriority=\"high\" decoding=\"async\" class=\"alignnone wp-image-523\" src=\"http:\/\/representacioneshyj.com\/wp-content\/uploads\/2023\/08\/ABRE-BOCA-2-300x185.png\" alt=\"\" width=\"1472\" height=\"908\" srcset=\"https:\/\/representacioneshyj.com\/wp-content\/uploads\/2023\/08\/ABRE-BOCA-2-300x185.png 300w, https:\/\/representacioneshyj.com\/wp-content\/uploads\/2023\/08\/ABRE-BOCA-2-1024x633.png 1024w, https:\/\/representacioneshyj.com\/wp-content\/uploads\/2023\/08\/ABRE-BOCA-2-768x474.png 768w, https:\/\/representacioneshyj.com\/wp-content\/uploads\/2023\/08\/ABRE-BOCA-2-1536x949.png 1536w, https:\/\/representacioneshyj.com\/wp-content\/uploads\/2023\/08\/ABRE-BOCA-2-2048x1265.png 2048w, https:\/\/representacioneshyj.com\/wp-content\/uploads\/2023\/08\/ABRE-BOCA-2-600x371.png 600w\" sizes=\"(max-width: 1472px) 100vw, 1472px\" \/><\/p>\n","protected":false},"excerpt":{"rendered":"<p>El abreboca odontol\u00f3gico es una herramienta esencial que facilita el acceso y la visibilidad durante los procedimientos dentales. Dise\u00f1ado ergon\u00f3micamente, separa suavemente la boca del paciente, permitiendo un trabajo preciso y c\u00f3modo en \u00e1reas espec\u00edficas. Mejora la eficiencia y calidad de los tratamientos al garantizar un entorno adecuado y seguro para la atenci\u00f3n dental.<\/p>\n","protected":false},"featured_media":568,"template":"","meta":{"om_disable_all_campaigns":false,"_monsterinsights_skip_tracking":false,"_monsterinsights_sitenote_active":false,"_monsterinsights_sitenote_note":"","_monsterinsights_sitenote_category":0,"_joinchat":[]},"product_cat":[22],"product_tag":[37],"class_list":{"0":"post-519","1":"product","2":"type-product","3":"status-publish","4":"has-post-thumbnail","6":"product_cat-descartables","7":"product_tag-abreboca","9":"first","10":"instock","11":"shipping-taxable","12":"product-type-simple"},"aioseo_notices":[],"_links":{"self":[{"href":"https:\/\/representacioneshyj.com\/index.php\/wp-json\/wp\/v2\/product\/519","targetHints":{"allow":["GET"]}}],"collection":[{"href":"https:\/\/representacioneshyj.com\/index.php\/wp-json\/wp\/v2\/product"}],"about":[{"href":"https:\/\/representacioneshyj.com\/index.php\/wp-json\/wp\/v2\/types\/product"}],"version-history":[{"count":3,"href":"https:\/\/representacioneshyj.com\/index.php\/wp-json\/wp\/v2\/product\/519\/revisions"}],"predecessor-version":[{"id":525,"href":"https:\/\/representacioneshyj.com\/index.php\/wp-json\/wp\/v2\/product\/519\/revisions\/525"}],"wp:featuredmedia":[{"embeddable":true,"href":"https:\/\/representacioneshyj.com\/index.php\/wp-json\/wp\/v2\/media\/568"}],"wp:attachment":[{"href":"https:\/\/representacioneshyj.com\/index.php\/wp-json\/wp\/v2\/media?parent=519"}],"wp:term":[{"taxonomy":"product_cat","embeddable":true,"href":"https:\/\/representacioneshyj.com\/index.php\/wp-json\/wp\/v2\/product_cat?post=519"},{"taxonomy":"product_tag","embeddable":true,"href":"https:\/\/representacioneshyj.com\/index.php\/wp-json\/wp\/v2\/product_tag?post=519"}],"curies":[{"name":"wp","href":"https:\/\/api.w.org\/{rel}","templated":true}]}}