{"id":526,"date":"2023-08-09T22:10:51","date_gmt":"2023-08-10T03:10:51","guid":{"rendered":"https:\/\/representacioneshyj.com\/?post_type=product&#038;p=526"},"modified":"2023-08-10T21:15:15","modified_gmt":"2023-08-11T02:15:15","slug":"llave-saca-fresa","status":"publish","type":"product","link":"https:\/\/representacioneshyj.com\/index.php\/product\/llave-saca-fresa\/","title":{"rendered":"LLAVE SACA FRESA"},"content":{"rendered":"<p><img fetchpriority=\"high\" decoding=\"async\" class=\"alignnone wp-image-527\" src=\"http:\/\/representacioneshyj.com\/wp-content\/uploads\/2023\/08\/LLAVE-SACA-FRESA-300x113.png\" alt=\"\" width=\"1458\" height=\"549\" srcset=\"https:\/\/representacioneshyj.com\/wp-content\/uploads\/2023\/08\/LLAVE-SACA-FRESA-300x113.png 300w, https:\/\/representacioneshyj.com\/wp-content\/uploads\/2023\/08\/LLAVE-SACA-FRESA-768x288.png 768w, https:\/\/representacioneshyj.com\/wp-content\/uploads\/2023\/08\/LLAVE-SACA-FRESA-1536x577.png 1536w, https:\/\/representacioneshyj.com\/wp-content\/uploads\/2023\/08\/LLAVE-SACA-FRESA-600x225.png 600w\" sizes=\"(max-width: 1458px) 100vw, 1458px\" \/><\/p>\n","protected":false},"excerpt":{"rendered":"<p>La llave saca fresa, de uso odontol\u00f3gico, es una herramienta imprescindible para el cambio eficiente de fresas en equipos rotatorios. Su dise\u00f1o ergon\u00f3mico y funcional permite una manipulaci\u00f3n sencilla y segura, mejorando la rapidez y precisi\u00f3n en los procedimientos. Es esencial para mantener la continuidad y calidad de los tratamientos odontol\u00f3gicos.<\/p>\n","protected":false},"featured_media":551,"template":"","meta":{"om_disable_all_campaigns":false,"_monsterinsights_skip_tracking":false,"_monsterinsights_sitenote_active":false,"_monsterinsights_sitenote_note":"","_monsterinsights_sitenote_category":0,"_joinchat":[]},"product_cat":[23],"product_tag":[38],"class_list":{"0":"post-526","1":"product","2":"type-product","3":"status-publish","4":"has-post-thumbnail","6":"product_cat-herramientas","7":"product_tag-llave-saca-fresa","9":"first","10":"instock","11":"shipping-taxable","12":"product-type-simple"},"aioseo_notices":[],"_links":{"self":[{"href":"https:\/\/representacioneshyj.com\/index.php\/wp-json\/wp\/v2\/product\/526","targetHints":{"allow":["GET"]}}],"collection":[{"href":"https:\/\/representacioneshyj.com\/index.php\/wp-json\/wp\/v2\/product"}],"about":[{"href":"https:\/\/representacioneshyj.com\/index.php\/wp-json\/wp\/v2\/types\/product"}],"version-history":[{"count":1,"href":"https:\/\/representacioneshyj.com\/index.php\/wp-json\/wp\/v2\/product\/526\/revisions"}],"predecessor-version":[{"id":530,"href":"https:\/\/representacioneshyj.com\/index.php\/wp-json\/wp\/v2\/product\/526\/revisions\/530"}],"wp:featuredmedia":[{"embeddable":true,"href":"https:\/\/representacioneshyj.com\/index.php\/wp-json\/wp\/v2\/media\/551"}],"wp:attachment":[{"href":"https:\/\/representacioneshyj.com\/index.php\/wp-json\/wp\/v2\/media?parent=526"}],"wp:term":[{"taxonomy":"product_cat","embeddable":true,"href":"https:\/\/representacioneshyj.com\/index.php\/wp-json\/wp\/v2\/product_cat?post=526"},{"taxonomy":"product_tag","embeddable":true,"href":"https:\/\/representacioneshyj.com\/index.php\/wp-json\/wp\/v2\/product_tag?post=526"}],"curies":[{"name":"wp","href":"https:\/\/api.w.org\/{rel}","templated":true}]}}