{"id":695,"date":"2024-01-03T14:27:09","date_gmt":"2024-01-03T19:27:09","guid":{"rendered":"https:\/\/representacioneshyj.com\/?post_type=product&#038;p=695"},"modified":"2024-01-03T14:27:28","modified_gmt":"2024-01-03T19:27:28","slug":"autoclave-ht-ts24v","status":"publish","type":"product","link":"https:\/\/representacioneshyj.com\/index.php\/product\/autoclave-ht-ts24v\/","title":{"rendered":"AUTOCLAVE HT-TS24V"},"content":{"rendered":"<p><img fetchpriority=\"high\" decoding=\"async\" class=\"alignnone wp-image-692\" src=\"http:\/\/representacioneshyj.com\/wp-content\/uploads\/2024\/01\/TS-24V-212x300.png\" alt=\"\" width=\"1003\" height=\"1419\" srcset=\"https:\/\/representacioneshyj.com\/wp-content\/uploads\/2024\/01\/TS-24V-212x300.png 212w, https:\/\/representacioneshyj.com\/wp-content\/uploads\/2024\/01\/TS-24V-724x1024.png 724w, https:\/\/representacioneshyj.com\/wp-content\/uploads\/2024\/01\/TS-24V-768x1086.png 768w, https:\/\/representacioneshyj.com\/wp-content\/uploads\/2024\/01\/TS-24V-1086x1536.png 1086w, https:\/\/representacioneshyj.com\/wp-content\/uploads\/2024\/01\/TS-24V-1448x2048.png 1448w, https:\/\/representacioneshyj.com\/wp-content\/uploads\/2024\/01\/TS-24V-600x849.png 600w\" sizes=\"(max-width: 1003px) 100vw, 1003px\" \/><\/p>\n","protected":false},"excerpt":{"rendered":"<p>El autoclave HT-TS24V es un dispositivo avanzado en odontolog\u00eda para esterilizaci\u00f3n. Con una capacidad de 24 litros, utiliza vapor a alta presi\u00f3n y temperatura para eliminar microorganismos de instrumentos dentales. Este modelo incorpora controles digitales, m\u00faltiples programas de esterilizaci\u00f3n, sistema de secado y un dise\u00f1o que garantiza la seguridad durante su uso.<\/p>\n","protected":false},"featured_media":380,"template":"","meta":{"om_disable_all_campaigns":false,"_monsterinsights_skip_tracking":false,"_monsterinsights_sitenote_active":false,"_monsterinsights_sitenote_note":"","_monsterinsights_sitenote_category":0,"_joinchat":[]},"product_cat":[39,23],"product_tag":[],"class_list":{"0":"post-695","1":"product","2":"type-product","3":"status-publish","4":"has-post-thumbnail","6":"product_cat-autoclave","7":"product_cat-herramientas","9":"first","10":"instock","11":"shipping-taxable","12":"product-type-simple"},"aioseo_notices":[],"_links":{"self":[{"href":"https:\/\/representacioneshyj.com\/index.php\/wp-json\/wp\/v2\/product\/695","targetHints":{"allow":["GET"]}}],"collection":[{"href":"https:\/\/representacioneshyj.com\/index.php\/wp-json\/wp\/v2\/product"}],"about":[{"href":"https:\/\/representacioneshyj.com\/index.php\/wp-json\/wp\/v2\/types\/product"}],"version-history":[{"count":1,"href":"https:\/\/representacioneshyj.com\/index.php\/wp-json\/wp\/v2\/product\/695\/revisions"}],"predecessor-version":[{"id":696,"href":"https:\/\/representacioneshyj.com\/index.php\/wp-json\/wp\/v2\/product\/695\/revisions\/696"}],"wp:featuredmedia":[{"embeddable":true,"href":"https:\/\/representacioneshyj.com\/index.php\/wp-json\/wp\/v2\/media\/380"}],"wp:attachment":[{"href":"https:\/\/representacioneshyj.com\/index.php\/wp-json\/wp\/v2\/media?parent=695"}],"wp:term":[{"taxonomy":"product_cat","embeddable":true,"href":"https:\/\/representacioneshyj.com\/index.php\/wp-json\/wp\/v2\/product_cat?post=695"},{"taxonomy":"product_tag","embeddable":true,"href":"https:\/\/representacioneshyj.com\/index.php\/wp-json\/wp\/v2\/product_tag?post=695"}],"curies":[{"name":"wp","href":"https:\/\/api.w.org\/{rel}","templated":true}]}}